{"id":22375,"date":"2022-02-16T12:25:43","date_gmt":"2022-02-16T11:25:43","guid":{"rendered":"http:\/\/tenz.at\/privacy-policy\/"},"modified":"2022-03-14T10:52:09","modified_gmt":"2022-03-14T09:52:09","slug":"privacy-policy","status":"publish","type":"page","link":"https:\/\/tenz.at\/en\/privacy-policy\/","title":{"rendered":"Privacy policy."},"content":{"rendered":"\t\t<div data-elementor-type=\"wp-page\" data-elementor-id=\"22375\" class=\"elementor elementor-22375 elementor-1403\" data-elementor-post-type=\"page\">\n\t\t\t\t\t\t<section class=\"elementor-section elementor-top-section elementor-element elementor-element-5d8194c elementor-section-content-middle elementor-section-boxed elementor-section-height-default elementor-section-height-default\" data-id=\"5d8194c\" data-element_type=\"section\" data-settings=\"{&quot;background_background&quot;:&quot;classic&quot;}\">\n\t\t\t\t\t\t\t<div class=\"elementor-background-overlay\"><\/div>\n\t\t\t\t\t\t\t<div class=\"elementor-container elementor-column-gap-default\">\n\t\t\t\t\t<div class=\"elementor-column elementor-col-50 elementor-top-column elementor-element elementor-element-90020f2\" data-id=\"90020f2\" data-element_type=\"column\">\n\t\t\t<div class=\"elementor-widget-wrap elementor-element-populated\">\n\t\t\t\t\t\t<div class=\"elementor-element elementor-element-210b252 elementor-widget elementor-widget-heading\" data-id=\"210b252\" data-element_type=\"widget\" data-widget_type=\"heading.default\">\n\t\t\t\t<div class=\"elementor-widget-container\">\n\t\t\t\t\t<h1 class=\"elementor-heading-title elementor-size-default\">Privacy policy.<\/h1>\t\t\t\t<\/div>\n\t\t\t\t<\/div>\n\t\t\t\t\t<\/div>\n\t\t<\/div>\n\t\t\t\t<div class=\"elementor-column elementor-col-50 elementor-top-column elementor-element elementor-element-4e9c0532\" data-id=\"4e9c0532\" data-element_type=\"column\">\n\t\t\t<div class=\"elementor-widget-wrap elementor-element-populated\">\n\t\t\t\t\t\t<div class=\"elementor-element elementor-element-66c959b elementor-icon-list--layout-inline elementor-align-end elementor-mobile-align-end elementor-list-item-link-full_width elementor-widget elementor-widget-icon-list\" data-id=\"66c959b\" data-element_type=\"widget\" data-widget_type=\"icon-list.default\">\n\t\t\t\t<div class=\"elementor-widget-container\">\n\t\t\t\t\t\t\t<ul class=\"elementor-icon-list-items elementor-inline-items\">\n\t\t\t\t\t\t\t<li class=\"elementor-icon-list-item elementor-inline-item\">\n\t\t\t\t\t\t\t\t\t\t<span class=\"elementor-icon-list-text\">Home<\/span>\n\t\t\t\t\t\t\t\t\t<\/li>\n\t\t\t\t\t\t\t\t<li class=\"elementor-icon-list-item elementor-inline-item\">\n\t\t\t\t\t\t\t\t\t\t\t<span class=\"elementor-icon-list-icon\">\n\t\t\t\t\t\t\t<i aria-hidden=\"true\" class=\"fas fa-chevron-right\"><\/i>\t\t\t\t\t\t<\/span>\n\t\t\t\t\t\t\t\t\t\t<span class=\"elementor-icon-list-text\">Privacy policy.<\/span>\n\t\t\t\t\t\t\t\t\t<\/li>\n\t\t\t\t\t\t<\/ul>\n\t\t\t\t\t\t<\/div>\n\t\t\t\t<\/div>\n\t\t\t\t\t<\/div>\n\t\t<\/div>\n\t\t\t\t\t<\/div>\n\t\t<\/section>\n\t\t\t\t<section class=\"elementor-section elementor-top-section elementor-element elementor-element-1c77e081 elementor-section-boxed elementor-section-height-default elementor-section-height-default\" data-id=\"1c77e081\" data-element_type=\"section\">\n\t\t\t\t\t\t<div class=\"elementor-container elementor-column-gap-default\">\n\t\t\t\t\t<div class=\"elementor-column elementor-col-100 elementor-top-column elementor-element elementor-element-7b493485\" data-id=\"7b493485\" data-element_type=\"column\">\n\t\t\t<div class=\"elementor-widget-wrap elementor-element-populated\">\n\t\t\t\t\t\t<div class=\"elementor-element elementor-element-7f893c5a elementor-widget elementor-widget-heading\" data-id=\"7f893c5a\" data-element_type=\"widget\" data-widget_type=\"heading.default\">\n\t\t\t\t<div class=\"elementor-widget-container\">\n\t\t\t\t\t<h1 class=\"elementor-heading-title elementor-size-default\">Privacy policy.<\/h1>\t\t\t\t<\/div>\n\t\t\t\t<\/div>\n\t\t\t\t<div class=\"elementor-element elementor-element-14c57188 elementor-widget elementor-widget-text-editor\" data-id=\"14c57188\" data-element_type=\"widget\" data-widget_type=\"text-editor.default\">\n\t\t\t\t<div class=\"elementor-widget-container\">\n\t\t\t\t\t\t\t\t\t<strong>Transparenz und ein sicherer, gesetzeskonformer Umgang mit allen Daten ist f\u00fcr uns selbstverst\u00e4ndlich.\u00a0<\/strong>\r\n\r\nDer Schutz Ihrer pers\u00f6nlichen Daten ist uns ein besonderes Anliegen. Wir verarbeiten Ihre Daten daher ausschlie\u00dflich auf Grundlage der gesetzlichen Bestimmungen (DSGVO, TKG 2003). In dieser Datenschutzerkl\u00e4rung informieren wir Sie \u00fcber die wichtigsten Aspekte der Datenverarbeitung im Rahmen unserer Website und unseres Newsletters.\r\n<h2>Cookies<\/h2>\r\nUnsere Website verwendet so genannte Cookies. Dabei handelt es sich um kleine Textdateien, die mit Hilfe des Browsers auf Ihrem Endger\u00e4t abgelegt werden. Sie richten keinen Schaden an.\r\n\r\nWir nutzen Cookies dazu, unser Angebot nutzerfreundlich f\u00fcr Sie zu gestalten. Unsere Website sammelt zudem anonyme Information dar\u00fcber wie Nutzer mit der Seite interagieren und welche Inhalte relevant f\u00fcr Websitebesucher sind. Cookies spielen daher auch f\u00fcr Sie eine wichtige Rolle und haben einen gro\u00dfen Nutzen. Einige der Cookies bleiben auf Ihrem Endger\u00e4t gespeichert, bis Sie diese l\u00f6schen. Sie erm\u00f6glichen es uns, Ihren Browser beim n\u00e4chsten Besuch wiederzuerkennen. So erinnert sich unsere Website bei Ihrem neuerlichen Besuch an ihre bevorzugte Spracheinstellung.\r\n\r\nWenn Sie dies nicht w\u00fcnschen, so k\u00f6nnen Sie Ihren Browser so einrichten, dass er Sie \u00fcber das Setzen von Cookies informiert und Sie dies nur im Einzelfall erlauben.\r\n\r\nWenn Sie mit der Speicherung von Cookies auf Ihrem Rechner nicht einverstanden sind, deaktivieren Sie bitte die Verwendung von Cookies in Ihrem Browser\r\n\r\nAchtung: Bei der Deaktivierung von Cookies kann die Funktionalit\u00e4t unserer Website eingeschr\u00e4nkt sein.\r\n<h2>Google Analytics<\/h2>\r\nDiese Website nutzt Funktionen des Webanalysedienstes Google Analytics.\r\nAnbieter ist die Google Inc., 1600 Amphitheatre Parkway Mountain View, CA 94043, USA. Wir haben mit dem Anbieter einen entsprechenden Vertrag zur Auftragsdatenverarbeitung abgeschlossen.\r\nDie Beziehung zum Webanalyseanbieter basiert auf Angemessenheitsbeschluss C(2016) 4176 der Europ\u00e4ischen Kommission (EU-USA: \u201ePrivacy Shield\u201c).\u00a0Wir haben mit dem Anbieter einen entsprechenden Vertrag zur Auftragsdatenverarbeitung abgeschlossen.\r\n\r\nGoogle Analytics verwendet solche zielorientierten Cookies. Mehr Informationen zum Umgang mit Nutzerdaten bei Google Analytics finden Sie in der Datenschutzerkl\u00e4rung von Google:\u00a0<a href=\"https:\/\/support.google.com\/analytics\/answer\/6004245?hl=de\" target=\"_blank\" rel=\"noopener\">https:\/\/support.google.com\/analytics\/answer\/6004245?hl=de<\/a>\r\nSie k\u00f6nnen die Erfassung der durch das Cookie erzeugten und auf Ihre Nutzung der Website bezogenen Daten an Google sowie die Verarbeitung dieser Daten durch Google verhindern, indem Sie das unter dem folgenden Link verf\u00fcgbare Browser-Plugin herunterladen und installieren:\u00a0<a href=\"https:\/\/tools.google.com\/dlpage\/gaoptout?hl=de\" target=\"_blank\" rel=\"noopener\">https:\/\/tools.google.com\/dlpage\/gaoptout?hl=de<\/a>\r\n<h2>IP-Anonymisierung<\/h2>\r\nWir nutzen die Funktion \u201eAktivierung der IP-Anonymisierung\u201c auf dieser Webseite. Dadurch wird Ihre IP-Adresse von Google innerhalb von Mitgliedstaaten der Europ\u00e4ischen Union oder in anderen Vertragsstaaten des Abkommens \u00fcber den Europ\u00e4ischen Wirtschaftsraum zuvor gek\u00fcrzt. Nur in Ausnahmef\u00e4llen wird die volle IP-Adresse an einen Server von Google in den USA \u00fcbertragen und dort gek\u00fcrzt.\r\n\r\nIm Auftrag des Betreibers dieser Website wird Google diese Informationen benutzen, um Ihre Nutzung der Website auszuwerten, um Reports \u00fcber die Websiteaktivit\u00e4ten zusammenzustellen und um weitere mit der Websitenutzung und der Internetnutzung verbundene Dienstleistungen gegen\u00fcber dem Websitebetreiber zu erbringen.\r\nDie im Rahmen von Google Analytics von Ihrem Browser \u00fcbermittelte IP-Adresse wird nicht mit anderen Daten von Google zusammengef\u00fchrt.\r\nDie Beziehung zum Webanalyseanbieter basiert auf dem Angemessenheitsbeschluss C(2016) 4176 der Europ\u00e4ischen Kommission (EU-USA: \u201ePrivacy Shield\u201c).\r\n\r\nDie Datenverarbeitung erfolgt auf Basis der gesetzlichen Bestimmungen des \u00a7 96 Abs 3 TKG sowie des Art 6 Abs 1 lit a (Einwilligung) und\/oder f (berechtigtes Interesse) der DSGVO.\r\nUnser Anliegen im Sinne der DSGVO (berechtigtes Interesse) ist die Verbesserung unseres Angebotes und unseres Webauftritts. Da uns die Privatsph\u00e4re unserer Nutzer wichtig ist, werden die Nutzerdaten pseudonymisiert.\r\n<h2>SSL-Verschl\u00fcsselung<\/h2>\r\nUnsere Website nutzt aus Gr\u00fcnden der Sicherheit und zum Schutz der \u00dcbertragung vertraulicher Inhalte, wie zum Beispiel der Anfragen, die Sie an uns als Seitenbetreiber senden, eine SSL-Verschl\u00fcsselung. Eine verschl\u00fcsselte Verbindung erkennen Sie daran, dass die Adresszeile des Browsers von \u201ehttp:\/\/\u201c auf \u201ehttps:\/\/\u201c wechselt und an dem Schloss-Symbol in Ihrer Browserzeile.\r\n\r\nWenn die SSL Verschl\u00fcsselung aktiviert ist, k\u00f6nnen die Daten, die Sie an uns \u00fcbermitteln, nicht von Dritten mitgelesen werden.\r\n<h2>Kontakt mit uns \u00fcber den \u201eKontakt\u201c Button<\/h2>\r\nWenn Sie per Formular auf der Website oder per E-Mail-Kontakt mit uns aufnehmen, werden Ihre angegebenen Daten zwecks Bearbeitung der Anfrage und f\u00fcr den Fall von Anschlussfragen 12 Monate bei uns gespeichert. Diese Daten geben wir nicht ohne Ihre Einwilligung weiter.\r\n<h2>Newsletter<\/h2>\r\nSie haben die M\u00f6glichkeit, \u00fcber unsere Website unseren Newsletter zu abonnieren. Der Versand der Newsletter erfolgt mittels \u201eMailChimp\u201c, einer Newsletterversandplattform des US-Anbieters Rocket Science Group, LLC, 675 Ponce De Leon Ave NE #5000, Atlanta, GA 30308, USA.\r\n\r\nDie Anmeldung zu unserem Newsletter erfolgt in einem sog.\u00a0Double-Opt-In-Verfahren. Das bedeutet Sie erhalten nach der Anmeldung eine E-Mail, in der Sie um die Best\u00e4tigung Ihrer Anmeldung gebeten werden. Diese Best\u00e4tigung ist notwendig, damit sich niemand mit fremden E-Mailadressen anmelden kann.\r\n\r\nDie Anmeldungen zum Newsletter werden protokolliert, um den Anmeldeprozess entsprechend den rechtlichen Anforderungen nachweisen zu k\u00f6nnen. Hierzu geh\u00f6rt die Speicherung\u00a0des Anmelde- und des Best\u00e4tigungszeitpunkts, als auch der IP-Adresse. Ebenso werden die \u00c4nderungen Ihrer bei MailChimp gespeicherten Daten protokolliert.\r\n\r\nDie E-Mail-Adressen\u00a0unserer Newsletter Empf\u00e4nger, als auch deren\u00a0weitere, im Rahmen dieser Hinweise\u00a0beschriebenen Daten, werden auf den Servern von MailChimp in den USA gespeichert. MailChimp verwendet diese Informationen zum Versand und zur Auswertung der\u00a0Newsletter in unserem Auftrag. Des Weiteren kann MailChimp nach eigenen Informationen diese Daten\u00a0zur Optimierung oder Verbesserung der eigenen Services nutzen, z.B. zur technischen Optimierung des Versandes und der Darstellung der Newsletter oder f\u00fcr wirtschaftliche Zwecke, um zu bestimmen aus\u00a0welchen L\u00e4ndern die Empf\u00e4nger kommen. MailChimp nutzt die Daten unserer Newsletter Empf\u00e4nger\u00a0jedoch nicht, um diese selbst anzuschreiben oder an\u00a0Dritte weiterzugeben.\r\n\r\nWir vertrauen auf die Zuverl\u00e4ssigkeit und die IT- sowie\u00a0Datensicherheit von MailChimp.\u00a0MailChimp ist unter dem US-EU-Datenschutzabkommen \u201e<a href=\"https:\/\/www.privacyshield.gov\/participant?id=a2zt0000000TO6hAAG\" target=\"_blank\" rel=\"noopener\">Privacy Shield<\/a>\u201c zertifiziert und verpflichtet sich damit die EU-Datenschutzvorgaben einzuhalten. Des Weiteren haben wir mit MailChimp ein \u201e<a href=\"http:\/\/mailchimp.com\/legal\/forms\/data-processing-agreement\/\" target=\"_blank\" rel=\"noopener\">Data-Processing-Agreement<\/a>\u201c abgeschlossen. Dabei handelt es sich um einen Vertrag, in dem sich MailChimp dazu verpflichtet, die Daten unserer Nutzer zu sch\u00fctzen, entsprechend dessen Datenschutzbestimmungen in unserem Auftrag zu verarbeiten und insbesondere nicht an Dritte weiter zu geben. Die Datenschutzbestimmungen von MailChimp k\u00f6nnen Sie\u00a0<a href=\"http:\/\/mailchimp.com\/legal\/privacy\/\" target=\"_blank\" rel=\"noopener\">hier einsehen<\/a>.\r\n\r\nSie k\u00f6nnen den Empfang unseres Newsletters jederzeit k\u00fcndigen, d.h.\u00a0Ihre Einwilligungen widerrufen. Damit erl\u00f6schen gleichzeitig Ihre Einwilligungen in dessen Versand via MailChimp und die statistischen Analysen. Ein getrennter Widerruf des Versandes via MailChimp oder der statistischen Auswertung ist leider nicht m\u00f6glich.\r\n\r\nEinen Link zur K\u00fcndigung des Newsletters finden Sie am Ende eines jeden Newsletters. Sie k\u00f6nnen zur K\u00fcndigung die K\u00fcndigung des Newsletters auch per Mail an\u00a0<a href=\"mailto:hello@tenz.at\">hello@tenz.at<\/a>\u00a0senden. Die Nutzerdaten werden in beiden F\u00e4llen anschlie\u00dfend gel\u00f6scht.\r\n\r\nDie Datenverarbeitung erfolgt auf Basis der gesetzlichen Bestimmungen des \u00a7 96 Abs 3 TKG sowie des Art 6 Abs 1 lit a (Einwilligung) der DSGVO.\r\n\r\nIhnen stehen grunds\u00e4tzlich die Rechte auf Auskunft, Berichtigung, L\u00f6schung, Einschr\u00e4nkung, Daten\u00fcbertragbarkeit, Widerruf und Widerspruch zu.\r\n<h2>Auskunftsrecht<\/h2>\r\nNach dem Datenschutzgesetz haben Sie ein Recht auf unentgeltliche Auskunft \u00fcber Ihre gespeicherten Daten sowie ggf. ein Recht auf Berichtigung, Sperrung oder L\u00f6schung dieser Daten. Fragen k\u00f6nnen dazu Sie z.B. \u00fcber die folgende E-Mail-Adresse stellen: (hello@tenz.at)\r\n<h2>Sie erreichen uns unter folgenden Kontaktdaten:<\/h2>\r\n<em>Tenz GmbH, Schmiedlstra\u00dfe 1, 8042 Graz<\/em>\r\n\r\n<a href=\"mailto:hello@tenz.at\">hello@tenz.at<\/a>; +43 316 269 480\t\t\t\t\t\t\t\t<\/div>\n\t\t\t\t<\/div>\n\t\t\t\t\t<\/div>\n\t\t<\/div>\n\t\t\t\t\t<\/div>\n\t\t<\/section>\n\t\t\t\t<\/div>\n\t\t","protected":false},"excerpt":{"rendered":"<p>Privacy policy. Home Privacy policy. Privacy policy. Transparenz und ein sicherer, gesetzeskonformer Umgang mit allen Daten ist f\u00fcr uns selbstverst\u00e4ndlich.\u00a0 Der Schutz Ihrer pers\u00f6nlichen Daten ist uns ein besonderes Anliegen. Wir verarbeiten Ihre Daten daher ausschlie\u00dflich auf Grundlage der gesetzlichen Bestimmungen (DSGVO, TKG 2003). In dieser Datenschutzerkl\u00e4rung informieren wir Sie \u00fcber die wichtigsten Aspekte der [&hellip;]<\/p>\n","protected":false},"author":2,"featured_media":0,"parent":0,"menu_order":0,"comment_status":"closed","ping_status":"closed","template":"","meta":{"footnotes":""},"class_list":["post-22375","page","type-page","status-publish","hentry"],"yoast_head":"<!-- This site is optimized with the Yoast SEO plugin v26.6 - https:\/\/yoast.com\/wordpress\/plugins\/seo\/ -->\n<title>Privacy policy. - TENZ&reg; Holz-Schrauben - Joining Wood<\/title>\n<meta name=\"description\" content=\"TENZ Holzschrauben - die steirische Innovation. Die Schraube spart Energie - jetzt online kaufen im Shop f\u00fcr Profis &amp; Heimwerker.\" \/>\n<meta name=\"robots\" content=\"index, follow, max-snippet:-1, max-image-preview:large, max-video-preview:-1\" \/>\n<link rel=\"canonical\" href=\"https:\/\/tenz.at\/en\/privacy-policy\/\" \/>\n<meta property=\"og:locale\" content=\"en_US\" \/>\n<meta property=\"og:type\" content=\"article\" \/>\n<meta property=\"og:title\" content=\"Privacy policy. - TENZ&reg; Holz-Schrauben - Joining Wood\" \/>\n<meta property=\"og:description\" content=\"TENZ Holzschrauben - die steirische Innovation. Die Schraube spart Energie - jetzt online kaufen im Shop f\u00fcr Profis &amp; Heimwerker.\" \/>\n<meta property=\"og:url\" content=\"https:\/\/tenz.at\/en\/privacy-policy\/\" \/>\n<meta property=\"og:site_name\" content=\"TENZ&reg; Holz-Schrauben - Joining Wood\" \/>\n<meta property=\"article:publisher\" content=\"https:\/\/www.facebook.com\/tenzscrews\/\" \/>\n<meta property=\"article:modified_time\" content=\"2022-03-14T09:52:09+00:00\" \/>\n<meta property=\"og:image\" content=\"https:\/\/tenz.at\/wp-content\/uploads\/2022\/02\/schieber_front-scaled-1-3-scaled-1.jpg\" \/>\n\t<meta property=\"og:image:width\" content=\"2560\" \/>\n\t<meta property=\"og:image:height\" content=\"1440\" \/>\n\t<meta property=\"og:image:type\" content=\"image\/jpeg\" \/>\n<meta name=\"twitter:card\" content=\"summary_large_image\" \/>\n<meta name=\"twitter:label1\" content=\"Est. reading time\" \/>\n\t<meta name=\"twitter:data1\" content=\"6 minutes\" \/>\n<script type=\"application\/ld+json\" class=\"yoast-schema-graph\">{\"@context\":\"https:\/\/schema.org\",\"@graph\":[{\"@type\":\"WebPage\",\"@id\":\"https:\/\/tenz.at\/en\/privacy-policy\/\",\"url\":\"https:\/\/tenz.at\/en\/privacy-policy\/\",\"name\":\"Privacy policy. - TENZ&reg; Holz-Schrauben - Joining Wood\",\"isPartOf\":{\"@id\":\"https:\/\/tenz.at\/en\/#website\"},\"datePublished\":\"2022-02-16T11:25:43+00:00\",\"dateModified\":\"2022-03-14T09:52:09+00:00\",\"description\":\"TENZ Holzschrauben - die steirische Innovation. Die Schraube spart Energie - jetzt online kaufen im Shop f\u00fcr Profis & Heimwerker.\",\"breadcrumb\":{\"@id\":\"https:\/\/tenz.at\/en\/privacy-policy\/#breadcrumb\"},\"inLanguage\":\"en-US\",\"potentialAction\":[{\"@type\":\"ReadAction\",\"target\":[\"https:\/\/tenz.at\/en\/privacy-policy\/\"]}]},{\"@type\":\"BreadcrumbList\",\"@id\":\"https:\/\/tenz.at\/en\/privacy-policy\/#breadcrumb\",\"itemListElement\":[{\"@type\":\"ListItem\",\"position\":1,\"name\":\"Startseite\",\"item\":\"https:\/\/tenz.at\/en\/home\/\"},{\"@type\":\"ListItem\",\"position\":2,\"name\":\"Privacy policy.\"}]},{\"@type\":\"WebSite\",\"@id\":\"https:\/\/tenz.at\/en\/#website\",\"url\":\"https:\/\/tenz.at\/en\/\",\"name\":\"TENZ&reg; Holz-Schrauben - Joining Wood\",\"description\":\"TENZ Holzschrauben, Bits, Workwear f&uuml;r Profis &amp; Heimwerker kaufen. Die Schrauben-Innovation aus der Steiermark.\",\"publisher\":{\"@id\":\"https:\/\/tenz.at\/en\/#organization\"},\"potentialAction\":[{\"@type\":\"SearchAction\",\"target\":{\"@type\":\"EntryPoint\",\"urlTemplate\":\"https:\/\/tenz.at\/en\/?s={search_term_string}\"},\"query-input\":{\"@type\":\"PropertyValueSpecification\",\"valueRequired\":true,\"valueName\":\"search_term_string\"}}],\"inLanguage\":\"en-US\"},{\"@type\":\"Organization\",\"@id\":\"https:\/\/tenz.at\/en\/#organization\",\"name\":\"TENZ Holzschrauben\",\"url\":\"https:\/\/tenz.at\/en\/\",\"logo\":{\"@type\":\"ImageObject\",\"inLanguage\":\"en-US\",\"@id\":\"https:\/\/tenz.at\/en\/#\/schema\/logo\/image\/\",\"url\":\"https:\/\/tenz.at\/wp-content\/uploads\/2022\/02\/LOGO_TENZ_joining_wood.png\",\"contentUrl\":\"https:\/\/tenz.at\/wp-content\/uploads\/2022\/02\/LOGO_TENZ_joining_wood.png\",\"width\":360,\"height\":93,\"caption\":\"TENZ Holzschrauben\"},\"image\":{\"@id\":\"https:\/\/tenz.at\/en\/#\/schema\/logo\/image\/\"},\"sameAs\":[\"https:\/\/www.facebook.com\/tenzscrews\/\",\"https:\/\/www.instagram.com\/tenzscrews\/\",\"https:\/\/www.youtube.com\/channel\/UCuI2gulXK6uxQE5H0gSKTFw\"]}]}<\/script>\n<!-- \/ Yoast SEO plugin. -->","yoast_head_json":{"title":"Privacy policy. - TENZ&reg; Holz-Schrauben - Joining Wood","description":"TENZ Holzschrauben - die steirische Innovation. Die Schraube spart Energie - jetzt online kaufen im Shop f\u00fcr Profis & Heimwerker.","robots":{"index":"index","follow":"follow","max-snippet":"max-snippet:-1","max-image-preview":"max-image-preview:large","max-video-preview":"max-video-preview:-1"},"canonical":"https:\/\/tenz.at\/en\/privacy-policy\/","og_locale":"en_US","og_type":"article","og_title":"Privacy policy. - TENZ&reg; Holz-Schrauben - Joining Wood","og_description":"TENZ Holzschrauben - die steirische Innovation. Die Schraube spart Energie - jetzt online kaufen im Shop f\u00fcr Profis & Heimwerker.","og_url":"https:\/\/tenz.at\/en\/privacy-policy\/","og_site_name":"TENZ&reg; Holz-Schrauben - Joining Wood","article_publisher":"https:\/\/www.facebook.com\/tenzscrews\/","article_modified_time":"2022-03-14T09:52:09+00:00","og_image":[{"width":2560,"height":1440,"url":"https:\/\/tenz.at\/wp-content\/uploads\/2022\/02\/schieber_front-scaled-1-3-scaled-1.jpg","type":"image\/jpeg"}],"twitter_card":"summary_large_image","twitter_misc":{"Est. reading time":"6 minutes"},"schema":{"@context":"https:\/\/schema.org","@graph":[{"@type":"WebPage","@id":"https:\/\/tenz.at\/en\/privacy-policy\/","url":"https:\/\/tenz.at\/en\/privacy-policy\/","name":"Privacy policy. - TENZ&reg; Holz-Schrauben - Joining Wood","isPartOf":{"@id":"https:\/\/tenz.at\/en\/#website"},"datePublished":"2022-02-16T11:25:43+00:00","dateModified":"2022-03-14T09:52:09+00:00","description":"TENZ Holzschrauben - die steirische Innovation. Die Schraube spart Energie - jetzt online kaufen im Shop f\u00fcr Profis & Heimwerker.","breadcrumb":{"@id":"https:\/\/tenz.at\/en\/privacy-policy\/#breadcrumb"},"inLanguage":"en-US","potentialAction":[{"@type":"ReadAction","target":["https:\/\/tenz.at\/en\/privacy-policy\/"]}]},{"@type":"BreadcrumbList","@id":"https:\/\/tenz.at\/en\/privacy-policy\/#breadcrumb","itemListElement":[{"@type":"ListItem","position":1,"name":"Startseite","item":"https:\/\/tenz.at\/en\/home\/"},{"@type":"ListItem","position":2,"name":"Privacy policy."}]},{"@type":"WebSite","@id":"https:\/\/tenz.at\/en\/#website","url":"https:\/\/tenz.at\/en\/","name":"TENZ&reg; Holz-Schrauben - Joining Wood","description":"TENZ Holzschrauben, Bits, Workwear f&uuml;r Profis &amp; Heimwerker kaufen. Die Schrauben-Innovation aus der Steiermark.","publisher":{"@id":"https:\/\/tenz.at\/en\/#organization"},"potentialAction":[{"@type":"SearchAction","target":{"@type":"EntryPoint","urlTemplate":"https:\/\/tenz.at\/en\/?s={search_term_string}"},"query-input":{"@type":"PropertyValueSpecification","valueRequired":true,"valueName":"search_term_string"}}],"inLanguage":"en-US"},{"@type":"Organization","@id":"https:\/\/tenz.at\/en\/#organization","name":"TENZ Holzschrauben","url":"https:\/\/tenz.at\/en\/","logo":{"@type":"ImageObject","inLanguage":"en-US","@id":"https:\/\/tenz.at\/en\/#\/schema\/logo\/image\/","url":"https:\/\/tenz.at\/wp-content\/uploads\/2022\/02\/LOGO_TENZ_joining_wood.png","contentUrl":"https:\/\/tenz.at\/wp-content\/uploads\/2022\/02\/LOGO_TENZ_joining_wood.png","width":360,"height":93,"caption":"TENZ Holzschrauben"},"image":{"@id":"https:\/\/tenz.at\/en\/#\/schema\/logo\/image\/"},"sameAs":["https:\/\/www.facebook.com\/tenzscrews\/","https:\/\/www.instagram.com\/tenzscrews\/","https:\/\/www.youtube.com\/channel\/UCuI2gulXK6uxQE5H0gSKTFw"]}]}},"_links":{"self":[{"href":"https:\/\/tenz.at\/en\/wp-json\/wp\/v2\/pages\/22375","targetHints":{"allow":["GET"]}}],"collection":[{"href":"https:\/\/tenz.at\/en\/wp-json\/wp\/v2\/pages"}],"about":[{"href":"https:\/\/tenz.at\/en\/wp-json\/wp\/v2\/types\/page"}],"author":[{"embeddable":true,"href":"https:\/\/tenz.at\/en\/wp-json\/wp\/v2\/users\/2"}],"replies":[{"embeddable":true,"href":"https:\/\/tenz.at\/en\/wp-json\/wp\/v2\/comments?post=22375"}],"version-history":[{"count":1,"href":"https:\/\/tenz.at\/en\/wp-json\/wp\/v2\/pages\/22375\/revisions"}],"predecessor-version":[{"id":22376,"href":"https:\/\/tenz.at\/en\/wp-json\/wp\/v2\/pages\/22375\/revisions\/22376"}],"wp:attachment":[{"href":"https:\/\/tenz.at\/en\/wp-json\/wp\/v2\/media?parent=22375"}],"curies":[{"name":"wp","href":"https:\/\/api.w.org\/{rel}","templated":true}]}}