{"id":22385,"date":"2022-02-16T12:25:43","date_gmt":"2022-02-16T11:25:43","guid":{"rendered":"http:\/\/tenz.at\/revocation\/"},"modified":"2022-03-22T14:35:23","modified_gmt":"2022-03-22T13:35:23","slug":"revocation","status":"publish","type":"page","link":"https:\/\/tenz.at\/en\/revocation\/","title":{"rendered":"Revocation"},"content":{"rendered":"\t\t<div data-elementor-type=\"wp-page\" data-elementor-id=\"22385\" class=\"elementor elementor-22385 elementor-1394\" data-elementor-post-type=\"page\">\n\t\t\t\t\t\t<section class=\"elementor-section elementor-top-section elementor-element elementor-element-7bd81da9 elementor-section-content-middle elementor-section-boxed elementor-section-height-default elementor-section-height-default\" data-id=\"7bd81da9\" data-element_type=\"section\" data-settings=\"{&quot;background_background&quot;:&quot;classic&quot;}\">\n\t\t\t\t\t\t\t<div class=\"elementor-background-overlay\"><\/div>\n\t\t\t\t\t\t\t<div class=\"elementor-container elementor-column-gap-default\">\n\t\t\t\t\t<div class=\"elementor-column elementor-col-50 elementor-top-column elementor-element elementor-element-66030d04\" data-id=\"66030d04\" data-element_type=\"column\">\n\t\t\t<div class=\"elementor-widget-wrap elementor-element-populated\">\n\t\t\t\t\t\t<div class=\"elementor-element elementor-element-38072bd9 elementor-widget elementor-widget-heading\" data-id=\"38072bd9\" data-element_type=\"widget\" data-widget_type=\"heading.default\">\n\t\t\t\t<div class=\"elementor-widget-container\">\n\t\t\t\t\t<h1 class=\"elementor-heading-title elementor-size-default\">Revocation<\/h1>\t\t\t\t<\/div>\n\t\t\t\t<\/div>\n\t\t\t\t\t<\/div>\n\t\t<\/div>\n\t\t\t\t<div class=\"elementor-column elementor-col-50 elementor-top-column elementor-element elementor-element-51a341f\" data-id=\"51a341f\" data-element_type=\"column\">\n\t\t\t<div class=\"elementor-widget-wrap elementor-element-populated\">\n\t\t\t\t\t\t<div class=\"elementor-element elementor-element-138aeadb elementor-icon-list--layout-inline elementor-align-end elementor-mobile-align-end elementor-list-item-link-full_width elementor-widget elementor-widget-icon-list\" data-id=\"138aeadb\" data-element_type=\"widget\" data-widget_type=\"icon-list.default\">\n\t\t\t\t<div class=\"elementor-widget-container\">\n\t\t\t\t\t\t\t<ul class=\"elementor-icon-list-items elementor-inline-items\">\n\t\t\t\t\t\t\t<li class=\"elementor-icon-list-item elementor-inline-item\">\n\t\t\t\t\t\t\t\t\t\t<span class=\"elementor-icon-list-text\">Home<\/span>\n\t\t\t\t\t\t\t\t\t<\/li>\n\t\t\t\t\t\t\t\t<li class=\"elementor-icon-list-item elementor-inline-item\">\n\t\t\t\t\t\t\t\t\t\t\t<span class=\"elementor-icon-list-icon\">\n\t\t\t\t\t\t\t<i aria-hidden=\"true\" class=\"fas fa-chevron-right\"><\/i>\t\t\t\t\t\t<\/span>\n\t\t\t\t\t\t\t\t\t\t<span class=\"elementor-icon-list-text\">Revocation<\/span>\n\t\t\t\t\t\t\t\t\t<\/li>\n\t\t\t\t\t\t<\/ul>\n\t\t\t\t\t\t<\/div>\n\t\t\t\t<\/div>\n\t\t\t\t\t<\/div>\n\t\t<\/div>\n\t\t\t\t\t<\/div>\n\t\t<\/section>\n\t\t\t\t<section class=\"elementor-section elementor-top-section elementor-element elementor-element-6ff441fe elementor-section-boxed elementor-section-height-default elementor-section-height-default\" data-id=\"6ff441fe\" data-element_type=\"section\">\n\t\t\t\t\t\t<div class=\"elementor-container elementor-column-gap-default\">\n\t\t\t\t\t<div class=\"elementor-column elementor-col-100 elementor-top-column elementor-element elementor-element-22ebd74a\" data-id=\"22ebd74a\" data-element_type=\"column\">\n\t\t\t<div class=\"elementor-widget-wrap elementor-element-populated\">\n\t\t\t\t\t\t<div class=\"elementor-element elementor-element-11bf8d3b elementor-widget elementor-widget-text-editor\" data-id=\"11bf8d3b\" data-element_type=\"widget\" data-widget_type=\"text-editor.default\">\n\t\t\t\t<div class=\"elementor-widget-container\">\n\t\t\t\t\t\t\t\t\t<a href=\"https:\/\/tenz.at\/en\/agb\/\">Auszug aus den AGBs\r\nDie gesamten AGBs sind HIER aufzurufen &gt;&gt; <\/a>\t\t\t\t\t\t\t\t<\/div>\n\t\t\t\t<\/div>\n\t\t\t\t<div class=\"elementor-element elementor-element-286771af elementor-widget elementor-widget-heading\" data-id=\"286771af\" data-element_type=\"widget\" data-widget_type=\"heading.default\">\n\t\t\t\t<div class=\"elementor-widget-container\">\n\t\t\t\t\t<h2 class=\"elementor-heading-title elementor-size-default\">9.    Widerrufsbelehrung<\/h2>\t\t\t\t<\/div>\n\t\t\t\t<\/div>\n\t\t\t\t<div class=\"elementor-element elementor-element-5fda8edf elementor-widget elementor-widget-text-editor\" data-id=\"5fda8edf\" data-element_type=\"widget\" data-widget_type=\"text-editor.default\">\n\t\t\t\t<div class=\"elementor-widget-container\">\n\t\t\t\t\t\t\t\t\t<h3>9.1.\u00a0\u00a0 Widerrufsrecht<\/h3>\r\nSie haben das Recht, binnen vierzehn Tagen ohne Angabe von Gr\u00fcnden diesen Vertrag zu widerrufen.\r\n\r\nDie Widerrufsfrist betr\u00e4gt vierzehn Tage ab dem Tag, an dem Sie oder ein von Ihnen benannter Dritter, der nicht der Bef\u00f6rderer ist, die Waren in Besitz genommen haben bzw. hat;\r\n\r\nUm Ihr Widerrufsrecht auszu\u00fcben, m\u00fcssen Sie uns\r\n\r\nTENZ GmbH\r\n\r\nSchmiedlstra\u00dfe 1\r\n\r\n8042 Graz\r\n\r\n\u00d6sterreich\r\n\r\nTel.: +43 316 269 480\r\n\r\nFax: +43 316 269 480 \u2013 5\r\n\r\nE-Mail: <a href=\"mailto:retoure@tenz.at\">retoure@tenz.at<\/a>\r\n\r\nmittels einer eindeutigen Erkl\u00e4rung (z.B. ein mit der Post versandter Brief, Telefax oder E-Mail) \u00fcber Ihren Entschluss, diesen Vertrag zu widerrufen, informieren.\u00a0 Zur Wahrung der Widerrufsfrist reicht es aus, dass Sie die Mitteilung \u00fcber die Aus\u00fcbung des Widerrufsrechts vor Ablauf der Widerrufsfrist absenden.\r\n<h3>9.2.\u00a0 Folgen des Widerrufs<\/h3>\r\nWenn Sie diesen Vertrag widerrufen, haben wir Ihnen alle Zahlungen, die wir von Ihnen erhalten haben, exklusive der Lieferkosten, unverz\u00fcglich und sp\u00e4testens binnen 30 (drei\u00dfig) Tagen ab dem Tag\r\n\r\nzur\u00fcckzuzahlen, an dem die Mitteilung \u00fcber Ihren Widerruf dieses Vertrags bei uns eingegangen ist. F\u00fcr diese R\u00fcckzahlung verwenden wir dasselbe Zahlungsmittel, das Sie bei der urspr\u00fcnglichen Transaktion eingesetzt haben, es sei denn, mit Ihnen wurde ausdr\u00fccklich etwas anderes vereinbart; in keinem Fall werden Ihnen wegen dieser R\u00fcckzahlung Entgelte berechnet.\r\n\r\nWir k\u00f6nnen die R\u00fcckzahlung verweigern, bis wir die Waren wieder zur\u00fcckerhalten haben oder bis Sie den Nachweis erbracht haben, dass Sie die Waren zur\u00fcckgesandt haben, je nachdem, welches der fr\u00fchere Zeitpunkt ist. Die Frist f\u00fcr die R\u00fccksendung ist gewahrt, wenn Sie die Waren vor Ablauf der Frist bzw. binnen 14 Tagen ab Widerruf zur\u00fccksenden.\r\n<h3>9.3.\u00a0 R\u00fccksendekosten<\/h3>\r\nDie unmittelbaren Kosten der R\u00fccksendung werden von Ihnen als Kunden getragen.\t\t\t\t\t\t\t\t<\/div>\n\t\t\t\t<\/div>\n\t\t\t\t\t<\/div>\n\t\t<\/div>\n\t\t\t\t\t<\/div>\n\t\t<\/section>\n\t\t\t\t<\/div>\n\t\t","protected":false},"excerpt":{"rendered":"<p>Revocation Home Revocation Auszug aus den AGBs Die gesamten AGBs sind HIER aufzurufen &gt;&gt; 9. Widerrufsbelehrung 9.1.\u00a0\u00a0 Widerrufsrecht Sie haben das Recht, binnen vierzehn Tagen ohne Angabe von Gr\u00fcnden diesen Vertrag zu widerrufen. Die Widerrufsfrist betr\u00e4gt vierzehn Tage ab dem Tag, an dem Sie oder ein von Ihnen benannter Dritter, der nicht der Bef\u00f6rderer ist, [&hellip;]<\/p>\n","protected":false},"author":2,"featured_media":0,"parent":0,"menu_order":0,"comment_status":"closed","ping_status":"closed","template":"","meta":{"footnotes":""},"class_list":["post-22385","page","type-page","status-publish","hentry"],"yoast_head":"<!-- This site is optimized with the Yoast SEO plugin v26.6 - https:\/\/yoast.com\/wordpress\/plugins\/seo\/ -->\n<title>Revocation - TENZ&reg; Holz-Schrauben - Joining Wood<\/title>\n<meta name=\"description\" content=\"TENZ Holzschrauben - die steirische Innovation. Die Schraube spart Energie - jetzt online kaufen im Shop f\u00fcr Profis &amp; Heimwerker.\" \/>\n<meta name=\"robots\" content=\"index, follow, max-snippet:-1, max-image-preview:large, max-video-preview:-1\" \/>\n<link rel=\"canonical\" href=\"https:\/\/tenz.at\/en\/revocation\/\" \/>\n<meta property=\"og:locale\" content=\"en_US\" \/>\n<meta property=\"og:type\" content=\"article\" \/>\n<meta property=\"og:title\" content=\"Revocation - TENZ&reg; Holz-Schrauben - Joining Wood\" \/>\n<meta property=\"og:description\" content=\"TENZ Holzschrauben - die steirische Innovation. Die Schraube spart Energie - jetzt online kaufen im Shop f\u00fcr Profis &amp; Heimwerker.\" \/>\n<meta property=\"og:url\" content=\"https:\/\/tenz.at\/en\/revocation\/\" \/>\n<meta property=\"og:site_name\" content=\"TENZ&reg; Holz-Schrauben - Joining Wood\" \/>\n<meta property=\"article:publisher\" content=\"https:\/\/www.facebook.com\/tenzscrews\/\" \/>\n<meta property=\"article:modified_time\" content=\"2022-03-22T13:35:23+00:00\" \/>\n<meta property=\"og:image\" content=\"https:\/\/tenz.at\/wp-content\/uploads\/2022\/02\/schieber_front-scaled-1-3-scaled-1.jpg\" \/>\n\t<meta property=\"og:image:width\" content=\"2560\" \/>\n\t<meta property=\"og:image:height\" content=\"1440\" \/>\n\t<meta property=\"og:image:type\" content=\"image\/jpeg\" \/>\n<meta name=\"twitter:card\" content=\"summary_large_image\" \/>\n<meta name=\"twitter:label1\" content=\"Est. reading time\" \/>\n\t<meta name=\"twitter:data1\" content=\"1 minute\" \/>\n<script type=\"application\/ld+json\" class=\"yoast-schema-graph\">{\"@context\":\"https:\/\/schema.org\",\"@graph\":[{\"@type\":\"WebPage\",\"@id\":\"https:\/\/tenz.at\/en\/revocation\/\",\"url\":\"https:\/\/tenz.at\/en\/revocation\/\",\"name\":\"Revocation - TENZ&reg; Holz-Schrauben - Joining Wood\",\"isPartOf\":{\"@id\":\"https:\/\/tenz.at\/en\/#website\"},\"datePublished\":\"2022-02-16T11:25:43+00:00\",\"dateModified\":\"2022-03-22T13:35:23+00:00\",\"description\":\"TENZ Holzschrauben - die steirische Innovation. Die Schraube spart Energie - jetzt online kaufen im Shop f\u00fcr Profis & Heimwerker.\",\"breadcrumb\":{\"@id\":\"https:\/\/tenz.at\/en\/revocation\/#breadcrumb\"},\"inLanguage\":\"en-US\",\"potentialAction\":[{\"@type\":\"ReadAction\",\"target\":[\"https:\/\/tenz.at\/en\/revocation\/\"]}]},{\"@type\":\"BreadcrumbList\",\"@id\":\"https:\/\/tenz.at\/en\/revocation\/#breadcrumb\",\"itemListElement\":[{\"@type\":\"ListItem\",\"position\":1,\"name\":\"Startseite\",\"item\":\"https:\/\/tenz.at\/en\/home\/\"},{\"@type\":\"ListItem\",\"position\":2,\"name\":\"Revocation\"}]},{\"@type\":\"WebSite\",\"@id\":\"https:\/\/tenz.at\/en\/#website\",\"url\":\"https:\/\/tenz.at\/en\/\",\"name\":\"TENZ&reg; Holz-Schrauben - Joining Wood\",\"description\":\"TENZ Holzschrauben, Bits, Workwear f&uuml;r Profis &amp; Heimwerker kaufen. Die Schrauben-Innovation aus der Steiermark.\",\"publisher\":{\"@id\":\"https:\/\/tenz.at\/en\/#organization\"},\"potentialAction\":[{\"@type\":\"SearchAction\",\"target\":{\"@type\":\"EntryPoint\",\"urlTemplate\":\"https:\/\/tenz.at\/en\/?s={search_term_string}\"},\"query-input\":{\"@type\":\"PropertyValueSpecification\",\"valueRequired\":true,\"valueName\":\"search_term_string\"}}],\"inLanguage\":\"en-US\"},{\"@type\":\"Organization\",\"@id\":\"https:\/\/tenz.at\/en\/#organization\",\"name\":\"TENZ Holzschrauben\",\"url\":\"https:\/\/tenz.at\/en\/\",\"logo\":{\"@type\":\"ImageObject\",\"inLanguage\":\"en-US\",\"@id\":\"https:\/\/tenz.at\/en\/#\/schema\/logo\/image\/\",\"url\":\"https:\/\/tenz.at\/wp-content\/uploads\/2022\/02\/LOGO_TENZ_joining_wood.png\",\"contentUrl\":\"https:\/\/tenz.at\/wp-content\/uploads\/2022\/02\/LOGO_TENZ_joining_wood.png\",\"width\":360,\"height\":93,\"caption\":\"TENZ Holzschrauben\"},\"image\":{\"@id\":\"https:\/\/tenz.at\/en\/#\/schema\/logo\/image\/\"},\"sameAs\":[\"https:\/\/www.facebook.com\/tenzscrews\/\",\"https:\/\/www.instagram.com\/tenzscrews\/\",\"https:\/\/www.youtube.com\/channel\/UCuI2gulXK6uxQE5H0gSKTFw\"]}]}<\/script>\n<!-- \/ Yoast SEO plugin. -->","yoast_head_json":{"title":"Revocation - TENZ&reg; Holz-Schrauben - Joining Wood","description":"TENZ Holzschrauben - die steirische Innovation. Die Schraube spart Energie - jetzt online kaufen im Shop f\u00fcr Profis & Heimwerker.","robots":{"index":"index","follow":"follow","max-snippet":"max-snippet:-1","max-image-preview":"max-image-preview:large","max-video-preview":"max-video-preview:-1"},"canonical":"https:\/\/tenz.at\/en\/revocation\/","og_locale":"en_US","og_type":"article","og_title":"Revocation - TENZ&reg; Holz-Schrauben - Joining Wood","og_description":"TENZ Holzschrauben - die steirische Innovation. Die Schraube spart Energie - jetzt online kaufen im Shop f\u00fcr Profis & Heimwerker.","og_url":"https:\/\/tenz.at\/en\/revocation\/","og_site_name":"TENZ&reg; Holz-Schrauben - Joining Wood","article_publisher":"https:\/\/www.facebook.com\/tenzscrews\/","article_modified_time":"2022-03-22T13:35:23+00:00","og_image":[{"width":2560,"height":1440,"url":"https:\/\/tenz.at\/wp-content\/uploads\/2022\/02\/schieber_front-scaled-1-3-scaled-1.jpg","type":"image\/jpeg"}],"twitter_card":"summary_large_image","twitter_misc":{"Est. reading time":"1 minute"},"schema":{"@context":"https:\/\/schema.org","@graph":[{"@type":"WebPage","@id":"https:\/\/tenz.at\/en\/revocation\/","url":"https:\/\/tenz.at\/en\/revocation\/","name":"Revocation - TENZ&reg; Holz-Schrauben - Joining Wood","isPartOf":{"@id":"https:\/\/tenz.at\/en\/#website"},"datePublished":"2022-02-16T11:25:43+00:00","dateModified":"2022-03-22T13:35:23+00:00","description":"TENZ Holzschrauben - die steirische Innovation. Die Schraube spart Energie - jetzt online kaufen im Shop f\u00fcr Profis & Heimwerker.","breadcrumb":{"@id":"https:\/\/tenz.at\/en\/revocation\/#breadcrumb"},"inLanguage":"en-US","potentialAction":[{"@type":"ReadAction","target":["https:\/\/tenz.at\/en\/revocation\/"]}]},{"@type":"BreadcrumbList","@id":"https:\/\/tenz.at\/en\/revocation\/#breadcrumb","itemListElement":[{"@type":"ListItem","position":1,"name":"Startseite","item":"https:\/\/tenz.at\/en\/home\/"},{"@type":"ListItem","position":2,"name":"Revocation"}]},{"@type":"WebSite","@id":"https:\/\/tenz.at\/en\/#website","url":"https:\/\/tenz.at\/en\/","name":"TENZ&reg; Holz-Schrauben - Joining Wood","description":"TENZ Holzschrauben, Bits, Workwear f&uuml;r Profis &amp; Heimwerker kaufen. Die Schrauben-Innovation aus der Steiermark.","publisher":{"@id":"https:\/\/tenz.at\/en\/#organization"},"potentialAction":[{"@type":"SearchAction","target":{"@type":"EntryPoint","urlTemplate":"https:\/\/tenz.at\/en\/?s={search_term_string}"},"query-input":{"@type":"PropertyValueSpecification","valueRequired":true,"valueName":"search_term_string"}}],"inLanguage":"en-US"},{"@type":"Organization","@id":"https:\/\/tenz.at\/en\/#organization","name":"TENZ Holzschrauben","url":"https:\/\/tenz.at\/en\/","logo":{"@type":"ImageObject","inLanguage":"en-US","@id":"https:\/\/tenz.at\/en\/#\/schema\/logo\/image\/","url":"https:\/\/tenz.at\/wp-content\/uploads\/2022\/02\/LOGO_TENZ_joining_wood.png","contentUrl":"https:\/\/tenz.at\/wp-content\/uploads\/2022\/02\/LOGO_TENZ_joining_wood.png","width":360,"height":93,"caption":"TENZ Holzschrauben"},"image":{"@id":"https:\/\/tenz.at\/en\/#\/schema\/logo\/image\/"},"sameAs":["https:\/\/www.facebook.com\/tenzscrews\/","https:\/\/www.instagram.com\/tenzscrews\/","https:\/\/www.youtube.com\/channel\/UCuI2gulXK6uxQE5H0gSKTFw"]}]}},"_links":{"self":[{"href":"https:\/\/tenz.at\/en\/wp-json\/wp\/v2\/pages\/22385","targetHints":{"allow":["GET"]}}],"collection":[{"href":"https:\/\/tenz.at\/en\/wp-json\/wp\/v2\/pages"}],"about":[{"href":"https:\/\/tenz.at\/en\/wp-json\/wp\/v2\/types\/page"}],"author":[{"embeddable":true,"href":"https:\/\/tenz.at\/en\/wp-json\/wp\/v2\/users\/2"}],"replies":[{"embeddable":true,"href":"https:\/\/tenz.at\/en\/wp-json\/wp\/v2\/comments?post=22385"}],"version-history":[{"count":6,"href":"https:\/\/tenz.at\/en\/wp-json\/wp\/v2\/pages\/22385\/revisions"}],"predecessor-version":[{"id":27579,"href":"https:\/\/tenz.at\/en\/wp-json\/wp\/v2\/pages\/22385\/revisions\/27579"}],"wp:attachment":[{"href":"https:\/\/tenz.at\/en\/wp-json\/wp\/v2\/media?parent=22385"}],"curies":[{"name":"wp","href":"https:\/\/api.w.org\/{rel}","templated":true}]}}