{"id":19746,"date":"2022-02-24T10:27:19","date_gmt":"2022-02-24T09:27:19","guid":{"rendered":"http:\/\/tenz.at\/shop\/power-bit-set-tx30\/"},"modified":"2024-07-02T15:23:35","modified_gmt":"2024-07-02T13:23:35","slug":"power-bit-set-tx30","status":"publish","type":"product","link":"https:\/\/tenz.at\/fr\/shop\/power-bit-set-tx30\/","title":{"rendered":"Power Bit Set &#8211; TX 30"},"content":{"rendered":"<p>Das Power Bit Set TX 30 enth\u00e4lt insgesamt 24 Bits:<\/p>\n<ul>\n<li>1x\u00a0 TENZ\u00ae Power-Bit Box TX 30 \/ 25 mm \u2013 Box zu 10 St\u00fcck<\/li>\n<li>1x\u00a0 TENZ\u00ae Power-Bit Box TX 30 \/ 50 mm \u2013 Box zu 10 St\u00fcck<\/li>\n<li>1x\u00a0 TENZ\u00ae Power-Bit TX 30 \/ 25 mm \u2013 Blister mit 1 St\u00fcck<\/li>\n<li>2x\u00a0\u00a0TENZ\u00ae Power-Bit TX 30 \/ 50 mm \u2013 Blister mit 1 St\u00fcck<\/li>\n<li><strong><span style=\"color: #ff0000;\">Gratis:<\/span> <\/strong>1x TENZ\u00ae Power-Bit TX 30 \/ 25 mm \u2013 Blister mit 1 St\u00fcck<\/li>\n<\/ul>\n<p>&nbsp;<\/p>\n<p>Das TENZ\u00ae &#8211; Power &#8211; Bit Sortiment ist \u201eForged to Fit\u201d. Die hochwertig verarbeiteten Bits aus S2-Werkzeugstahl, zeichnen sich durch ihre hervorragende Passform aus.<br \/>\nDer Stick-Fit-Effekt beeinflusst die Stabilit\u00e4t des Einschraubvorgangs, die Halteposition des Einschraubger\u00e4ts und auch die eingesetzte Kraft des Anwenders beim Verschrauben. Durch die ideale Passform der Powerbits im Antrieb lassen sich Schrauben sicher, schnell und komfortabel setzen.<\/p>\n<ul>\n<li>Das TENZ\u00ae &#8211; Power &#8211; Bit Sortiment ist passend f\u00fcr alle g\u00e4ngigen Schraubger\u00e4te.<\/li>\n<li>F\u00fcr alle Schrauben mit TX Antrieb geeignet.<\/li>\n<li>TX 30 Bits durch wei\u00dfe Farbmarkierung einfach unterscheidbar<\/li>\n<li>Bits mit der L\u00e4nge von 50mm auch f\u00fcr Schlagschrauber geeignet<\/li>\n<\/ul>\n","protected":false},"excerpt":{"rendered":"<p>24 Bits TX 30 im Set<\/p>\n<p><span style=\"color: #ff0000;\">Gratis:<\/span> 1x TENZ\u00ae Power-Bit TX 30 \/ 25 mm<\/p>\n","protected":false},"featured_media":19850,"template":"","meta":[],"product_brand":[],"product_cat":[41,39],"product_tag":[],"class_list":{"0":"post-19746","1":"product","2":"type-product","3":"status-publish","4":"has-post-thumbnail","6":"product_cat-sets","7":"product_cat-bits","9":"first","10":"instock","11":"sale","12":"taxable","13":"shipping-taxable","14":"purchasable","15":"product-type-simple"},"yoast_head":"<!-- This site is optimized with the Yoast SEO plugin v26.6 - https:\/\/yoast.com\/wordpress\/plugins\/seo\/ -->\n<title>Power Bit Set - TX 30 - TENZ&reg; Holz-Schrauben - Joining Wood<\/title>\n<meta name=\"description\" content=\"TENZ Holzschrauben - im Shop f\u00fcr Profis &amp; Heimwerker online kaufen. Die steirische Schrauben-Innovation spart deine Energie - jetzt bestellen!\" \/>\n<meta name=\"robots\" content=\"index, follow, max-snippet:-1, max-image-preview:large, max-video-preview:-1\" \/>\n<link rel=\"canonical\" href=\"https:\/\/tenz.at\/fr\/shop\/power-bit-set-tx30\/\" \/>\n<meta property=\"og:locale\" content=\"fr_FR\" \/>\n<meta property=\"og:type\" content=\"article\" \/>\n<meta property=\"og:title\" content=\"Power Bit Set - TX 30 - TENZ&reg; Holz-Schrauben - Joining Wood\" \/>\n<meta property=\"og:description\" content=\"TENZ Holzschrauben - im Shop f\u00fcr Profis &amp; Heimwerker online kaufen. Die steirische Schrauben-Innovation spart deine Energie - jetzt bestellen!\" \/>\n<meta property=\"og:url\" content=\"https:\/\/tenz.at\/fr\/shop\/power-bit-set-tx30\/\" \/>\n<meta property=\"og:site_name\" content=\"TENZ&reg; Holz-Schrauben - Joining Wood\" \/>\n<meta property=\"article:publisher\" content=\"https:\/\/www.facebook.com\/tenzscrews\/\" \/>\n<meta property=\"article:modified_time\" content=\"2024-07-02T13:23:35+00:00\" \/>\n<meta property=\"og:image\" content=\"https:\/\/tenz.at\/wp-content\/uploads\/2022\/02\/tenz-bit-set-tx30-gratis.png\" \/>\n\t<meta property=\"og:image:width\" content=\"1500\" \/>\n\t<meta property=\"og:image:height\" content=\"1558\" \/>\n\t<meta property=\"og:image:type\" content=\"image\/png\" \/>\n<meta name=\"twitter:card\" content=\"summary_large_image\" \/>\n<meta name=\"twitter:label1\" content=\"Dur\u00e9e de lecture estim\u00e9e\" \/>\n\t<meta name=\"twitter:data1\" content=\"1 minute\" \/>\n<script type=\"application\/ld+json\" class=\"yoast-schema-graph\">{\"@context\":\"https:\/\/schema.org\",\"@graph\":[{\"@type\":\"WebPage\",\"@id\":\"https:\/\/tenz.at\/fr\/shop\/power-bit-set-tx30\/\",\"url\":\"https:\/\/tenz.at\/fr\/shop\/power-bit-set-tx30\/\",\"name\":\"Power Bit Set - TX 30 - TENZ&reg; Holz-Schrauben - Joining Wood\",\"isPartOf\":{\"@id\":\"https:\/\/tenz.at\/fr\/#website\"},\"primaryImageOfPage\":{\"@id\":\"https:\/\/tenz.at\/fr\/shop\/power-bit-set-tx30\/#primaryimage\"},\"image\":{\"@id\":\"https:\/\/tenz.at\/fr\/shop\/power-bit-set-tx30\/#primaryimage\"},\"thumbnailUrl\":\"https:\/\/tenz.at\/wp-content\/uploads\/2022\/02\/tenz-bit-set-tx30-gratis.png\",\"datePublished\":\"2022-02-24T09:27:19+00:00\",\"dateModified\":\"2024-07-02T13:23:35+00:00\",\"description\":\"TENZ Holzschrauben - im Shop f\u00fcr Profis & Heimwerker online kaufen. Die steirische Schrauben-Innovation spart deine Energie - jetzt bestellen!\",\"breadcrumb\":{\"@id\":\"https:\/\/tenz.at\/fr\/shop\/power-bit-set-tx30\/#breadcrumb\"},\"inLanguage\":\"fr-FR\",\"potentialAction\":[{\"@type\":\"ReadAction\",\"target\":[\"https:\/\/tenz.at\/fr\/shop\/power-bit-set-tx30\/\"]}]},{\"@type\":\"ImageObject\",\"inLanguage\":\"fr-FR\",\"@id\":\"https:\/\/tenz.at\/fr\/shop\/power-bit-set-tx30\/#primaryimage\",\"url\":\"https:\/\/tenz.at\/wp-content\/uploads\/2022\/02\/tenz-bit-set-tx30-gratis.png\",\"contentUrl\":\"https:\/\/tenz.at\/wp-content\/uploads\/2022\/02\/tenz-bit-set-tx30-gratis.png\",\"width\":1500,\"height\":1558,\"caption\":\"Power Bit Set - TX 30\"},{\"@type\":\"BreadcrumbList\",\"@id\":\"https:\/\/tenz.at\/fr\/shop\/power-bit-set-tx30\/#breadcrumb\",\"itemListElement\":[{\"@type\":\"ListItem\",\"position\":1,\"name\":\"Startseite\",\"item\":\"https:\/\/tenz.at\/fr\/\"},{\"@type\":\"ListItem\",\"position\":2,\"name\":\"Boutique\",\"item\":\"https:\/\/tenz.at\/fr\/boutique\/\"},{\"@type\":\"ListItem\",\"position\":3,\"name\":\"Power Bit Set &#8211; TX 30\"}]},{\"@type\":\"WebSite\",\"@id\":\"https:\/\/tenz.at\/fr\/#website\",\"url\":\"https:\/\/tenz.at\/fr\/\",\"name\":\"TENZ&reg; Holz-Schrauben - Joining Wood\",\"description\":\"TENZ Holzschrauben, Bits, Workwear f&uuml;r Profis &amp; Heimwerker kaufen. Die Schrauben-Innovation aus der Steiermark.\",\"publisher\":{\"@id\":\"https:\/\/tenz.at\/fr\/#organization\"},\"potentialAction\":[{\"@type\":\"SearchAction\",\"target\":{\"@type\":\"EntryPoint\",\"urlTemplate\":\"https:\/\/tenz.at\/fr\/?s={search_term_string}\"},\"query-input\":{\"@type\":\"PropertyValueSpecification\",\"valueRequired\":true,\"valueName\":\"search_term_string\"}}],\"inLanguage\":\"fr-FR\"},{\"@type\":\"Organization\",\"@id\":\"https:\/\/tenz.at\/fr\/#organization\",\"name\":\"TENZ Holzschrauben\",\"url\":\"https:\/\/tenz.at\/fr\/\",\"logo\":{\"@type\":\"ImageObject\",\"inLanguage\":\"fr-FR\",\"@id\":\"https:\/\/tenz.at\/fr\/#\/schema\/logo\/image\/\",\"url\":\"https:\/\/tenz.at\/wp-content\/uploads\/2022\/02\/LOGO_TENZ_joining_wood.png\",\"contentUrl\":\"https:\/\/tenz.at\/wp-content\/uploads\/2022\/02\/LOGO_TENZ_joining_wood.png\",\"width\":360,\"height\":93,\"caption\":\"TENZ Holzschrauben\"},\"image\":{\"@id\":\"https:\/\/tenz.at\/fr\/#\/schema\/logo\/image\/\"},\"sameAs\":[\"https:\/\/www.facebook.com\/tenzscrews\/\",\"https:\/\/www.instagram.com\/tenzscrews\/\",\"https:\/\/www.youtube.com\/channel\/UCuI2gulXK6uxQE5H0gSKTFw\"]}]}<\/script>\n<!-- \/ Yoast SEO plugin. -->","yoast_head_json":{"title":"Power Bit Set - TX 30 - TENZ&reg; Holz-Schrauben - Joining Wood","description":"TENZ Holzschrauben - im Shop f\u00fcr Profis & Heimwerker online kaufen. Die steirische Schrauben-Innovation spart deine Energie - jetzt bestellen!","robots":{"index":"index","follow":"follow","max-snippet":"max-snippet:-1","max-image-preview":"max-image-preview:large","max-video-preview":"max-video-preview:-1"},"canonical":"https:\/\/tenz.at\/fr\/shop\/power-bit-set-tx30\/","og_locale":"fr_FR","og_type":"article","og_title":"Power Bit Set - TX 30 - TENZ&reg; Holz-Schrauben - Joining Wood","og_description":"TENZ Holzschrauben - im Shop f\u00fcr Profis & Heimwerker online kaufen. Die steirische Schrauben-Innovation spart deine Energie - jetzt bestellen!","og_url":"https:\/\/tenz.at\/fr\/shop\/power-bit-set-tx30\/","og_site_name":"TENZ&reg; Holz-Schrauben - Joining Wood","article_publisher":"https:\/\/www.facebook.com\/tenzscrews\/","article_modified_time":"2024-07-02T13:23:35+00:00","og_image":[{"width":1500,"height":1558,"url":"https:\/\/tenz.at\/wp-content\/uploads\/2022\/02\/tenz-bit-set-tx30-gratis.png","type":"image\/png"}],"twitter_card":"summary_large_image","twitter_misc":{"Dur\u00e9e de lecture estim\u00e9e":"1 minute"},"schema":{"@context":"https:\/\/schema.org","@graph":[{"@type":"WebPage","@id":"https:\/\/tenz.at\/fr\/shop\/power-bit-set-tx30\/","url":"https:\/\/tenz.at\/fr\/shop\/power-bit-set-tx30\/","name":"Power Bit Set - TX 30 - TENZ&reg; Holz-Schrauben - Joining Wood","isPartOf":{"@id":"https:\/\/tenz.at\/fr\/#website"},"primaryImageOfPage":{"@id":"https:\/\/tenz.at\/fr\/shop\/power-bit-set-tx30\/#primaryimage"},"image":{"@id":"https:\/\/tenz.at\/fr\/shop\/power-bit-set-tx30\/#primaryimage"},"thumbnailUrl":"https:\/\/tenz.at\/wp-content\/uploads\/2022\/02\/tenz-bit-set-tx30-gratis.png","datePublished":"2022-02-24T09:27:19+00:00","dateModified":"2024-07-02T13:23:35+00:00","description":"TENZ Holzschrauben - im Shop f\u00fcr Profis & Heimwerker online kaufen. Die steirische Schrauben-Innovation spart deine Energie - jetzt bestellen!","breadcrumb":{"@id":"https:\/\/tenz.at\/fr\/shop\/power-bit-set-tx30\/#breadcrumb"},"inLanguage":"fr-FR","potentialAction":[{"@type":"ReadAction","target":["https:\/\/tenz.at\/fr\/shop\/power-bit-set-tx30\/"]}]},{"@type":"ImageObject","inLanguage":"fr-FR","@id":"https:\/\/tenz.at\/fr\/shop\/power-bit-set-tx30\/#primaryimage","url":"https:\/\/tenz.at\/wp-content\/uploads\/2022\/02\/tenz-bit-set-tx30-gratis.png","contentUrl":"https:\/\/tenz.at\/wp-content\/uploads\/2022\/02\/tenz-bit-set-tx30-gratis.png","width":1500,"height":1558,"caption":"Power Bit Set - TX 30"},{"@type":"BreadcrumbList","@id":"https:\/\/tenz.at\/fr\/shop\/power-bit-set-tx30\/#breadcrumb","itemListElement":[{"@type":"ListItem","position":1,"name":"Startseite","item":"https:\/\/tenz.at\/fr\/"},{"@type":"ListItem","position":2,"name":"Boutique","item":"https:\/\/tenz.at\/fr\/boutique\/"},{"@type":"ListItem","position":3,"name":"Power Bit Set &#8211; TX 30"}]},{"@type":"WebSite","@id":"https:\/\/tenz.at\/fr\/#website","url":"https:\/\/tenz.at\/fr\/","name":"TENZ&reg; Holz-Schrauben - Joining Wood","description":"TENZ Holzschrauben, Bits, Workwear f&uuml;r Profis &amp; Heimwerker kaufen. Die Schrauben-Innovation aus der Steiermark.","publisher":{"@id":"https:\/\/tenz.at\/fr\/#organization"},"potentialAction":[{"@type":"SearchAction","target":{"@type":"EntryPoint","urlTemplate":"https:\/\/tenz.at\/fr\/?s={search_term_string}"},"query-input":{"@type":"PropertyValueSpecification","valueRequired":true,"valueName":"search_term_string"}}],"inLanguage":"fr-FR"},{"@type":"Organization","@id":"https:\/\/tenz.at\/fr\/#organization","name":"TENZ Holzschrauben","url":"https:\/\/tenz.at\/fr\/","logo":{"@type":"ImageObject","inLanguage":"fr-FR","@id":"https:\/\/tenz.at\/fr\/#\/schema\/logo\/image\/","url":"https:\/\/tenz.at\/wp-content\/uploads\/2022\/02\/LOGO_TENZ_joining_wood.png","contentUrl":"https:\/\/tenz.at\/wp-content\/uploads\/2022\/02\/LOGO_TENZ_joining_wood.png","width":360,"height":93,"caption":"TENZ Holzschrauben"},"image":{"@id":"https:\/\/tenz.at\/fr\/#\/schema\/logo\/image\/"},"sameAs":["https:\/\/www.facebook.com\/tenzscrews\/","https:\/\/www.instagram.com\/tenzscrews\/","https:\/\/www.youtube.com\/channel\/UCuI2gulXK6uxQE5H0gSKTFw"]}]}},"_links":{"self":[{"href":"https:\/\/tenz.at\/fr\/wp-json\/wp\/v2\/product\/19746","targetHints":{"allow":["GET"]}}],"collection":[{"href":"https:\/\/tenz.at\/fr\/wp-json\/wp\/v2\/product"}],"about":[{"href":"https:\/\/tenz.at\/fr\/wp-json\/wp\/v2\/types\/product"}],"version-history":[{"count":0,"href":"https:\/\/tenz.at\/fr\/wp-json\/wp\/v2\/product\/19746\/revisions"}],"wp:featuredmedia":[{"embeddable":true,"href":"https:\/\/tenz.at\/fr\/wp-json\/wp\/v2\/media\/19850"}],"wp:attachment":[{"href":"https:\/\/tenz.at\/fr\/wp-json\/wp\/v2\/media?parent=19746"}],"wp:term":[{"taxonomy":"product_brand","embeddable":true,"href":"https:\/\/tenz.at\/fr\/wp-json\/wp\/v2\/product_brand?post=19746"},{"taxonomy":"product_cat","embeddable":true,"href":"https:\/\/tenz.at\/fr\/wp-json\/wp\/v2\/product_cat?post=19746"},{"taxonomy":"product_tag","embeddable":true,"href":"https:\/\/tenz.at\/fr\/wp-json\/wp\/v2\/product_tag?post=19746"}],"curies":[{"name":"wp","href":"https:\/\/api.w.org\/{rel}","templated":true}]}}